{"id":297,"date":"2024-05-02T10:46:54","date_gmt":"2024-05-02T15:46:54","guid":{"rendered":"https:\/\/alcesuvoz.wichita.edu\/?page_id=297"},"modified":"2025-07-28T17:19:21","modified_gmt":"2025-07-28T22:19:21","slug":"ways-to-get-involved","status":"publish","type":"page","link":"https:\/\/alcesuvoz.wichita.edu\/es\/ways-to-get-involved\/","title":{"rendered":"Formas en c\u00f3mo participar"},"content":{"rendered":"<div class=\"gb-container gb-container-74c59ee6\">\n\n<p>Alce su voz es una organizaci\u00f3n que trabaja para apoyar a los miembros de la comunidad para asegurarse que se les proporcione la atenci\u00f3n necesaria. Si desea ser parte de esta organizaci\u00f3n, tenemos muchas oportunidades en donde usted puede involucrarse. Consulte los siguientes roles para que encuentre el que mejor se adapte a usted.<\/p>\n\n\n\n<h2 class=\"wp-block-heading\">\u00a1\u00danase a nuestra coalici\u00f3n!<\/h2>\n\n\n\n<p>Si desea compartir sus experiencias con nosotros sobre la atenci\u00f3n m\u00e9dica o averiguar c\u00f3mo puede ayudar, llene&nbsp;<a href=\"https:\/\/forms.gle\/t8TGU7ASYyN5fqFV6\" target=\"_blank\" rel=\"noreferrer noopener\">este formulario<\/a>.<br>Si tiene preguntas se puede dirigir con Rachel Showstack a su correo electr\u00f3nico <a href=\"mailto:rachel.showstack@wichita.edu\">showstack.alcesuvoz@wichita.edu<\/a>.<\/p>\n\n\n\n<p><\/p>\n\n\n\n<h2 class=\"wp-block-heading\">Donaciones<\/h2>\n\n\n\n<p>Alce Su Voz is currently a volunteer-based organization. Donations are used for marketing and stakeholder convening support. If you&#8217;re interested in making a donation, please use the link below or email <a href=\"mailto:rachel.showstack@wichita.edu\">showstack.alcesuvoz@wichita.edu.<\/a><\/p>\n\n\n\n<a class=\"gb-button gb-button-da37cf10\" href=\"\/es\/donate\/\"><span class=\"gb-icon\"><svg aria-hidden=\"true\" role=\"img\" height=\"1em\" width=\"1em\" viewbox=\"0 0 512 512\" xmlns=\"http:\/\/www.w3.org\/2000\/svg\"><path fill=\"currentColor\" d=\"M462.3 62.6C407.5 15.9 326 24.3 275.7 76.2L256 96.5l-19.7-20.3C186.1 24.3 104.5 15.9 49.7 62.6c-62.8 53.6-66.1 149.8-9.9 207.9l193.5 199.8c12.5 12.9 32.8 12.9 45.3 0l193.5-199.8c56.3-58.1 53-154.3-9.8-207.9z\"><\/path><\/svg><\/span><span class=\"gb-button-text\">Donate \u2192<\/span><\/a>\n\n<\/div>\n\n\n<p><\/p>","protected":false},"excerpt":{"rendered":"<p>Alce Su Voz is an&nbsp;organization that works to&nbsp;support&nbsp;community members and ensure that they are provided with necessary care. If you would like to be a &#8230; <a title=\"Formas en c\u00f3mo participar\" class=\"read-more\" href=\"https:\/\/alcesuvoz.wichita.edu\/es\/ways-to-get-involved\/\" aria-label=\"Leer m\u00e1s sobre Ways To Get Involved\">Read more<\/a><\/p>","protected":false},"author":2,"featured_media":2607,"parent":0,"menu_order":0,"comment_status":"closed","ping_status":"closed","template":"","meta":{"_EventAllDay":false,"_EventTimezone":"","_EventStartDate":"","_EventEndDate":"","_EventStartDateUTC":"","_EventEndDateUTC":"","_EventShowMap":false,"_EventShowMapLink":false,"_EventURL":"","_EventCost":"","_EventCostDescription":"","_EventCurrencySymbol":"","_EventCurrencyCode":"","_EventCurrencyPosition":"","_EventDateTimeSeparator":"","_EventTimeRangeSeparator":"","_EventOrganizerID":[],"_EventVenueID":[],"_OrganizerEmail":"","_OrganizerPhone":"","_OrganizerWebsite":"","_VenueAddress":"","_VenueCity":"","_VenueCountry":"","_VenueProvince":"","_VenueState":"","_VenueZip":"","_VenuePhone":"","_VenueURL":"","_VenueStateProvince":"","_VenueLat":"","_VenueLng":"","_VenueShowMap":false,"_VenueShowMapLink":false,"footnotes":""},"class_list":["post-297","page","type-page","status-publish","has-post-thumbnail","infinite-scroll-item","resize-featured-image"],"_links":{"self":[{"href":"https:\/\/alcesuvoz.wichita.edu\/es\/wp-json\/wp\/v2\/pages\/297","targetHints":{"allow":["GET"]}}],"collection":[{"href":"https:\/\/alcesuvoz.wichita.edu\/es\/wp-json\/wp\/v2\/pages"}],"about":[{"href":"https:\/\/alcesuvoz.wichita.edu\/es\/wp-json\/wp\/v2\/types\/page"}],"author":[{"embeddable":true,"href":"https:\/\/alcesuvoz.wichita.edu\/es\/wp-json\/wp\/v2\/users\/2"}],"replies":[{"embeddable":true,"href":"https:\/\/alcesuvoz.wichita.edu\/es\/wp-json\/wp\/v2\/comments?post=297"}],"version-history":[{"count":15,"href":"https:\/\/alcesuvoz.wichita.edu\/es\/wp-json\/wp\/v2\/pages\/297\/revisions"}],"predecessor-version":[{"id":1632,"href":"https:\/\/alcesuvoz.wichita.edu\/es\/wp-json\/wp\/v2\/pages\/297\/revisions\/1632"}],"wp:featuredmedia":[{"embeddable":true,"href":"https:\/\/alcesuvoz.wichita.edu\/es\/wp-json\/wp\/v2\/media\/2607"}],"wp:attachment":[{"href":"https:\/\/alcesuvoz.wichita.edu\/es\/wp-json\/wp\/v2\/media?parent=297"}],"curies":[{"name":"wp","href":"https:\/\/api.w.org\/{rel}","templated":true}]}}