{"id":2470,"date":"2025-07-09T15:41:12","date_gmt":"2025-07-09T20:41:12","guid":{"rendered":"https:\/\/alcesuvoz.wichita.edu\/?page_id=2470"},"modified":"2025-07-09T16:03:09","modified_gmt":"2025-07-09T21:03:09","slug":"drew","status":"publish","type":"page","link":"https:\/\/alcesuvoz.wichita.edu\/es\/team\/drew\/","title":{"rendered":"Drew"},"content":{"rendered":"<div class=\"wp-block-media-text is-stacked-on-mobile\" style=\"grid-template-columns:34% auto\"><figure class=\"wp-block-media-text__media\"><img loading=\"lazy\" decoding=\"async\" width=\"200\" height=\"267\" src=\"https:\/\/alcesuvoz.wichita.edu\/wp-content\/uploads\/2025\/07\/UT-Headshot-e1752094526810.jpg\" alt=\"\" class=\"wp-image-2471 size-full\" srcset=\"https:\/\/alcesuvoz.wichita.edu\/wp-content\/uploads\/2025\/07\/UT-Headshot-e1752094526810.jpg 200w, https:\/\/alcesuvoz.wichita.edu\/wp-content\/uploads\/2025\/07\/UT-Headshot-e1752094526810-9x12.jpg 9w\" sizes=\"auto, (max-width: 200px) 100vw, 200px\" \/><\/figure><div class=\"wp-block-media-text__content\">\n<h1 class=\"wp-block-heading has-x-large-font-size\" style=\"font-style:normal;font-weight:500\"><strong>Drew Colcher<\/strong>, Ph.D.<\/h1>\n\n\n\n<h6 class=\"wp-block-heading has-medium-font-size translation-block\" style=\"font-style:normal;font-weight:500\"><strong>Director de Programas<\/strong> de Alce su Voz<\/h6>\n\n\n\n<div style=\"height:30px\" aria-hidden=\"true\" class=\"wp-block-spacer\"><\/div>\n\n\n\n<ul class=\"wp-block-social-links has-normal-icon-size has-visible-labels is-vertical is-nowrap is-layout-flex wp-container-core-social-links-is-layout-947ac36b wp-block-social-links-is-layout-flex\"><li class=\"wp-social-link wp-social-link-linkedin  wp-block-social-link\"><a rel=\"noopener nofollow\" target=\"_blank\" href=\"https:\/\/www.linkedin.com\/in\/drew-colcher-ph-d-20a326168\" class=\"wp-block-social-link-anchor\"><svg width=\"24\" height=\"24\" viewbox=\"0 0 24 24\" version=\"1.1\" xmlns=\"http:\/\/www.w3.org\/2000\/svg\" aria-hidden=\"true\" focusable=\"false\"><path d=\"M19.7,3H4.3C3.582,3,3,3.582,3,4.3v15.4C3,20.418,3.582,21,4.3,21h15.4c0.718,0,1.3-0.582,1.3-1.3V4.3 C21,3.582,20.418,3,19.7,3z M8.339,18.338H5.667v-8.59h2.672V18.338z M7.004,8.574c-0.857,0-1.549-0.694-1.549-1.548 c0-0.855,0.691-1.548,1.549-1.548c0.854,0,1.547,0.694,1.547,1.548C8.551,7.881,7.858,8.574,7.004,8.574z M18.339,18.338h-2.669 v-4.177c0-0.996-0.017-2.278-1.387-2.278c-1.389,0-1.601,1.086-1.601,2.206v4.249h-2.667v-8.59h2.559v1.174h0.037 c0.356-0.675,1.227-1.387,2.526-1.387c2.703,0,3.203,1.779,3.203,4.092V18.338z\"><\/path><\/svg><span class=\"wp-block-social-link-label\">LinkedIn<\/span><\/a><\/li><\/ul>\n<\/div><\/div>\n\n\n\n<div style=\"height:20px\" aria-hidden=\"true\" class=\"wp-block-spacer\"><\/div>\n\n\n<div class=\"gb-container gb-container-2f625f43\">\n\n<p class=\"has-medium-font-size translation-block\"><strong>Drew Colcher (PhD)<\/strong> es director de programas de Alce su Voz en Wichita State University. Obtuvo su doctorado en la ling\u00fc\u00edstica hisp\u00e1nica en la Universidad de Texas en Austin en 2025 y su maestr\u00eda en la literatura inglesa en Wichita State University en 2019.<\/p>\n\n\n\n<p class=\"has-medium-font-size translation-block\">El trabajo del Dr. Colcher se centra en la socioling\u00fc\u00edstica del espa\u00f1ol en Estados Unidos y en abordar las desigualdades materiales creadas por la discriminaci\u00f3n etnoling\u00fc\u00edstica, especialmente en la atenci\u00f3n m\u00e9dica y la educaci\u00f3n. Ha publicado en revistas acad\u00e9micas, vol\u00famenes acad\u00e9micos y un volumen de escritura creativa en espa\u00f1ol, y es coautor del libro <em>Health Disparities and the Applied Linguist.<\/em><\/p>\n\n\n\n<p class=\"has-medium-font-size\">Drew ha ense\u00f1ado diversas clases de composici\u00f3n, literatura, ling\u00fc\u00edstica y espa\u00f1ol. En su tiempo libre, le gusta escuchar y crear m\u00fasica, una obsesi\u00f3n que ha mantenido toda su vida. &nbsp;<\/p>\n\n\n\n<hr class=\"wp-block-separator has-alpha-channel-opacity\"\/>\n\n<\/div>","protected":false},"excerpt":{"rendered":"<p>Drew Colcher (PhD)&nbsp;is program manager for Alce su Voz at Wichita State University. He received his PhD in Hispanic Linguistics from the University of Texas &#8230; <a title=\"Drew\" class=\"read-more\" href=\"https:\/\/alcesuvoz.wichita.edu\/es\/team\/drew\/\" aria-label=\"Leer m\u00e1s sobre Drew\">Read more<\/a><\/p>","protected":false},"author":6,"featured_media":0,"parent":293,"menu_order":0,"comment_status":"closed","ping_status":"closed","template":"","meta":{"_EventAllDay":false,"_EventTimezone":"","_EventStartDate":"","_EventEndDate":"","_EventStartDateUTC":"","_EventEndDateUTC":"","_EventShowMap":false,"_EventShowMapLink":false,"_EventURL":"","_EventCost":"","_EventCostDescription":"","_EventCurrencySymbol":"","_EventCurrencyCode":"","_EventCurrencyPosition":"","_EventDateTimeSeparator":"","_EventTimeRangeSeparator":"","_EventOrganizerID":[],"_EventVenueID":[],"_OrganizerEmail":"","_OrganizerPhone":"","_OrganizerWebsite":"","_VenueAddress":"","_VenueCity":"","_VenueCountry":"","_VenueProvince":"","_VenueState":"","_VenueZip":"","_VenuePhone":"","_VenueURL":"","_VenueStateProvince":"","_VenueLat":"","_VenueLng":"","_VenueShowMap":false,"_VenueShowMapLink":false,"footnotes":""},"class_list":["post-2470","page","type-page","status-publish","infinite-scroll-item"],"_links":{"self":[{"href":"https:\/\/alcesuvoz.wichita.edu\/es\/wp-json\/wp\/v2\/pages\/2470","targetHints":{"allow":["GET"]}}],"collection":[{"href":"https:\/\/alcesuvoz.wichita.edu\/es\/wp-json\/wp\/v2\/pages"}],"about":[{"href":"https:\/\/alcesuvoz.wichita.edu\/es\/wp-json\/wp\/v2\/types\/page"}],"author":[{"embeddable":true,"href":"https:\/\/alcesuvoz.wichita.edu\/es\/wp-json\/wp\/v2\/users\/6"}],"replies":[{"embeddable":true,"href":"https:\/\/alcesuvoz.wichita.edu\/es\/wp-json\/wp\/v2\/comments?post=2470"}],"version-history":[{"count":5,"href":"https:\/\/alcesuvoz.wichita.edu\/es\/wp-json\/wp\/v2\/pages\/2470\/revisions"}],"predecessor-version":[{"id":2485,"href":"https:\/\/alcesuvoz.wichita.edu\/es\/wp-json\/wp\/v2\/pages\/2470\/revisions\/2485"}],"up":[{"embeddable":true,"href":"https:\/\/alcesuvoz.wichita.edu\/es\/wp-json\/wp\/v2\/pages\/293"}],"wp:attachment":[{"href":"https:\/\/alcesuvoz.wichita.edu\/es\/wp-json\/wp\/v2\/media?parent=2470"}],"curies":[{"name":"wp","href":"https:\/\/api.w.org\/{rel}","templated":true}]}}