{"id":1252,"date":"2024-09-13T12:56:13","date_gmt":"2024-09-13T17:56:13","guid":{"rendered":"https:\/\/alcesuvoz.wichita.edu\/?page_id=1252"},"modified":"2024-09-13T13:01:43","modified_gmt":"2024-09-13T18:01:43","slug":"gabriela","status":"publish","type":"page","link":"https:\/\/alcesuvoz.wichita.edu\/es\/team\/gabriela\/","title":{"rendered":"Gabriela Aguilar"},"content":{"rendered":"<div class=\"gb-container gb-container-d69e2723\">\n\n<div class=\"wp-block-media-text is-stacked-on-mobile\" style=\"grid-template-columns:48% auto\"><figure class=\"wp-block-media-text__media\"><img loading=\"lazy\" decoding=\"async\" width=\"768\" height=\"1024\" src=\"https:\/\/alcesuvoz.wichita.edu\/wp-content\/uploads\/2024\/09\/gabby2-768x1024.jpg\" alt=\"\" class=\"wp-image-1253 size-full\" srcset=\"https:\/\/alcesuvoz.wichita.edu\/wp-content\/uploads\/2024\/09\/gabby2-768x1024.jpg 768w, https:\/\/alcesuvoz.wichita.edu\/wp-content\/uploads\/2024\/09\/gabby2-225x300.jpg 225w, https:\/\/alcesuvoz.wichita.edu\/wp-content\/uploads\/2024\/09\/gabby2-9x12.jpg 9w, https:\/\/alcesuvoz.wichita.edu\/wp-content\/uploads\/2024\/09\/gabby2.jpg 810w\" sizes=\"auto, (max-width: 768px) 100vw, 768px\" \/><\/figure><div class=\"wp-block-media-text__content\">\n<h1 class=\"wp-block-heading has-x-large-font-size\" style=\"font-style:normal;font-weight:500\">Gabriela Aguilar<\/h1>\n\n\n\n<h6 class=\"wp-block-heading has-medium-font-size\" style=\"font-style:normal;font-weight:700\">Asistente de investigaci\u00f3n de posgrado<\/h6>\n\n\n\n<h6 class=\"wp-block-heading has-medium-font-size\" style=\"font-style:normal;font-weight:500\"><\/h6>\n\n\n\n<div style=\"height:50px\" aria-hidden=\"true\" class=\"wp-block-spacer\"><\/div>\n\n\n\n<ul class=\"wp-block-social-links has-visible-labels is-vertical is-nowrap is-layout-flex wp-container-core-social-links-is-layout-fc43baa9 wp-block-social-links-is-layout-flex\"><\/ul>\n<\/div><\/div>\n\n\n\n<div style=\"height:15px\" aria-hidden=\"true\" class=\"wp-block-spacer\"><\/div>\n\n\n\n<p class=\"has-medium-font-size\"><strong>Gabriela Aguilar<\/strong> es hija de dos amorosos padres inmigrantes mexicanos, y es estadounidense de primera generaci\u00f3n. Recibi\u00f3 su licenciatura en Ciencias del Ejercicio con Honores en Carrera de Pista Interdisciplinaria General y distinci\u00f3n <i>Summa Cum Laude<\/i>. Gabriela ha obtenido varios premios, como ser recipiente de la distinci\u00f3n Senior Honor 2024 de <i>Wichita State University<\/i>, la de Senior Sobresaliente de la Facultad de Estudios Aplicados y el de becaria destacada de  <i>Kansas Hispanic Education and Development Foundation<\/i>. Durante su estancia en Wichita State, cre\u00f3 el primer Ejercicio de la Carrera Departamental de Honores en Ciencias del Ejercicio y se desempe\u00f1\u00f3 como representante universitaria de Estudios de Desempe\u00f1o Humano en el Grupo de Trabajo de Planificaci\u00f3n Estrat\u00e9gica de la Facultad de Estudios Aplicados de WSU. Es una dedicada asistente de investigaci\u00f3n de Alce Su Voz y de la Facultad de Medicina de <i>Kansas University<\/i>. Su plan se centra en defender la salud de la comunidad desatendida de Wichita como futura m\u00e9dica asociada y al mismo tiempo promover estilos de vida saludables con su experiencia en ciencias del ejercicio. Siempre se puede encontrar a Gabriela dibujando, cocinando, cosiendo, bordando, tomando fotograf\u00edas, creando dise\u00f1os gr\u00e1ficos y viendo lucha libre con su familia<span style=\"font-family:&quot;Arial&quot;,sans-serif;mso-fareast-font-family:Arial\"><\/span><br><br><\/p>\n\n\n\n<hr class=\"wp-block-separator has-alpha-channel-opacity\"\/>\n\n<\/div>","protected":false},"excerpt":{"rendered":"<p>Gabriela Aguilar Graduate Research Assistant Gabriela Aguilar is the first-generation daughter of two loving Mexican immigrant parents. She received her BA in Exercise Science with &#8230; <a title=\"Gabriela Aguilar\" class=\"read-more\" href=\"https:\/\/alcesuvoz.wichita.edu\/es\/team\/gabriela\/\" aria-label=\"Leer m\u00e1s sobre Gabriela Aguilar\">Read more<\/a><\/p>","protected":false},"author":6,"featured_media":0,"parent":293,"menu_order":0,"comment_status":"closed","ping_status":"closed","template":"","meta":{"_EventAllDay":false,"_EventTimezone":"","_EventStartDate":"","_EventEndDate":"","_EventStartDateUTC":"","_EventEndDateUTC":"","_EventShowMap":false,"_EventShowMapLink":false,"_EventURL":"","_EventCost":"","_EventCostDescription":"","_EventCurrencySymbol":"","_EventCurrencyCode":"","_EventCurrencyPosition":"","_EventDateTimeSeparator":"","_EventTimeRangeSeparator":"","_EventOrganizerID":[],"_EventVenueID":[],"_OrganizerEmail":"","_OrganizerPhone":"","_OrganizerWebsite":"","_VenueAddress":"","_VenueCity":"","_VenueCountry":"","_VenueProvince":"","_VenueState":"","_VenueZip":"","_VenuePhone":"","_VenueURL":"","_VenueStateProvince":"","_VenueLat":"","_VenueLng":"","_VenueShowMap":false,"_VenueShowMapLink":false,"footnotes":""},"class_list":["post-1252","page","type-page","status-publish","infinite-scroll-item"],"_links":{"self":[{"href":"https:\/\/alcesuvoz.wichita.edu\/es\/wp-json\/wp\/v2\/pages\/1252","targetHints":{"allow":["GET"]}}],"collection":[{"href":"https:\/\/alcesuvoz.wichita.edu\/es\/wp-json\/wp\/v2\/pages"}],"about":[{"href":"https:\/\/alcesuvoz.wichita.edu\/es\/wp-json\/wp\/v2\/types\/page"}],"author":[{"embeddable":true,"href":"https:\/\/alcesuvoz.wichita.edu\/es\/wp-json\/wp\/v2\/users\/6"}],"replies":[{"embeddable":true,"href":"https:\/\/alcesuvoz.wichita.edu\/es\/wp-json\/wp\/v2\/comments?post=1252"}],"version-history":[{"count":1,"href":"https:\/\/alcesuvoz.wichita.edu\/es\/wp-json\/wp\/v2\/pages\/1252\/revisions"}],"predecessor-version":[{"id":1254,"href":"https:\/\/alcesuvoz.wichita.edu\/es\/wp-json\/wp\/v2\/pages\/1252\/revisions\/1254"}],"up":[{"embeddable":true,"href":"https:\/\/alcesuvoz.wichita.edu\/es\/wp-json\/wp\/v2\/pages\/293"}],"wp:attachment":[{"href":"https:\/\/alcesuvoz.wichita.edu\/es\/wp-json\/wp\/v2\/media?parent=1252"}],"curies":[{"name":"wp","href":"https:\/\/api.w.org\/{rel}","templated":true}]}}