{"id":1245,"date":"2024-09-13T12:36:18","date_gmt":"2024-09-13T17:36:18","guid":{"rendered":"https:\/\/alcesuvoz.wichita.edu\/?page_id=1245"},"modified":"2024-09-13T13:12:26","modified_gmt":"2024-09-13T18:12:26","slug":"kelly-2","status":"publish","type":"page","link":"https:\/\/alcesuvoz.wichita.edu\/es\/team\/kelly-2\/","title":{"rendered":"Kelly Guzman"},"content":{"rendered":"<div class=\"wp-block-media-text is-stacked-on-mobile\" style=\"grid-template-columns:45% auto\"><figure class=\"wp-block-media-text__media\"><img loading=\"lazy\" decoding=\"async\" width=\"768\" height=\"1024\" src=\"https:\/\/alcesuvoz.wichita.edu\/wp-content\/uploads\/2024\/09\/kelly-768x1024.jpg\" alt=\"\" class=\"wp-image-1215 size-full\" srcset=\"https:\/\/alcesuvoz.wichita.edu\/wp-content\/uploads\/2024\/09\/kelly-768x1024.jpg 768w, https:\/\/alcesuvoz.wichita.edu\/wp-content\/uploads\/2024\/09\/kelly-225x300.jpg 225w, https:\/\/alcesuvoz.wichita.edu\/wp-content\/uploads\/2024\/09\/kelly-9x12.jpg 9w, https:\/\/alcesuvoz.wichita.edu\/wp-content\/uploads\/2024\/09\/kelly.jpg 810w\" sizes=\"auto, (max-width: 768px) 100vw, 768px\" \/><\/figure><div class=\"wp-block-media-text__content\">\n<h1 class=\"wp-block-heading has-x-large-font-size\" style=\"font-style:normal;font-weight:500\">Kelly Guzman<\/h1>\n\n\n\n<h6 class=\"wp-block-heading has-medium-font-size\" style=\"font-style:normal;font-weight:700\">Voluntaria en Alce su Voz<\/h6>\n\n\n\n<h6 class=\"wp-block-heading has-medium-font-size\" style=\"font-style:normal;font-weight:500\">| Iniciativas de salud mental<\/h6>\n\n\n\n<div style=\"height:30px\" aria-hidden=\"true\" class=\"wp-block-spacer\"><\/div>\n\n\n\n<ul class=\"wp-block-social-links has-normal-icon-size has-visible-labels is-vertical is-nowrap is-layout-flex wp-container-core-social-links-is-layout-947ac36b wp-block-social-links-is-layout-flex\"><\/ul>\n<\/div><\/div>\n\n\n\n<div style=\"height:20px\" aria-hidden=\"true\" class=\"wp-block-spacer\"><\/div>\n\n\n<div class=\"gb-container gb-container-2f625f43\">\n\n<p class=\"has-medium-font-size translation-block\"><strong>Kelly Guzm\u00e1n<\/strong> es una trabajadora social licenciada con maestr\u00eda (LMSW) en el estado de Kansas y fundadora de <i>Alianzas Counseling Kansas LLC<\/i>, un consultorio biling\u00fce de salud mental en Wichita, Kansas. Su pr\u00e1ctica se enfoca en servir a familias biling\u00fces y monoling\u00fces de habla hispana que buscan apoyo en su idioma, tanto en servicios de terapia directa como en defensor\u00eda y equidad en la salud. Kelly aprovecha su amplia experiencia en trabajo interdisciplinario para proporcionar un enfoque hol\u00edstico a la atenci\u00f3n de la salud mental y se uni\u00f3 a Alce su Voz en 2024 como asociada del proyecto. En Alce su Voz, se centra en iniciativas de salud mental para apoyar la justicia ling\u00fc\u00edstica.<\/p>\n\n\n\n<p class=\"has-medium-font-size\">La ciudad natal de Kelly es Los \u00c1ngeles sur-central, donde actualmente hay problemas de gentrificaci\u00f3n y eliminaci\u00f3n de las comunidades de color que alguna vez vivieron all\u00ed. Se encontr\u00f3 con un cambio cultural significativo cuando se mud\u00f3 a Wichita, Kansas, lo que profundiz\u00f3 su comprensi\u00f3n de las diversas perspectivas y la resiliencia. Criada en un hogar monoling\u00fce, salvadore\u00f1o y guatemalteco, Kelly se basa en sus propias experiencias vividas para informar su pr\u00e1ctica y trabajo con Alce su Voz. <em>Alce su Voz<\/em>.<\/p>\n\n\n\n<p class=\"has-medium-font-size translation-block\">Kelly se gradu\u00f3 de <i>Wichita State University<\/i> en 2012 con una licenciatura en Ciencias Biol\u00f3gicas y estudios secundarios en Antropolog\u00eda y Qu\u00edmica, y en 2017 obtuvo una maestr\u00eda en Trabajo Social. En su trabajo con COMCARE del condado de Sedgwick y USD 259, ayud\u00f3 a implementar el Programa de Apoyo a las Oportunidades de Kansas (KOSP, por sus siglas en ingl\u00e9s), una iniciativa de salud mental basada en la escuela, trabajando como terapeuta de salud mental infantil y enlace escolar de salud conductual en varias escuelas primarias. En este trabajo, Kelly se dio cuenta de que las familias de habla hispana ten\u00edan un acceso m\u00ednimo a servicios de atenci\u00f3n de salud mental cultural y ling\u00fc\u00edsticamente apropiados, lo que despert\u00f3 su inter\u00e9s en comprender las barreras para los servicios de atenci\u00f3n de salud mental y brindar servicios directos a las familias de habla hispana. En su tiempo libre, a Kelly le gusta leer, tejer y beber cafecito.<\/p>\n\n\n\n<hr class=\"wp-block-separator has-alpha-channel-opacity\"\/>\n\n<\/div>","protected":false},"excerpt":{"rendered":"<p>Kelly Guzman is a licensed master social worker (LMSW) in the state of Kansas, and the founder of Alianzas Counseling Kansas LLC, a bilingual mental &#8230; <a title=\"Kelly Guzman\" class=\"read-more\" href=\"https:\/\/alcesuvoz.wichita.edu\/es\/team\/kelly-2\/\" aria-label=\"Leer m\u00e1s sobre Kelly Guzman\">Read more<\/a><\/p>","protected":false},"author":6,"featured_media":0,"parent":293,"menu_order":0,"comment_status":"closed","ping_status":"closed","template":"","meta":{"_EventAllDay":false,"_EventTimezone":"","_EventStartDate":"","_EventEndDate":"","_EventStartDateUTC":"","_EventEndDateUTC":"","_EventShowMap":false,"_EventShowMapLink":false,"_EventURL":"","_EventCost":"","_EventCostDescription":"","_EventCurrencySymbol":"","_EventCurrencyCode":"","_EventCurrencyPosition":"","_EventDateTimeSeparator":"","_EventTimeRangeSeparator":"","_EventOrganizerID":[],"_EventVenueID":[],"_OrganizerEmail":"","_OrganizerPhone":"","_OrganizerWebsite":"","_VenueAddress":"","_VenueCity":"","_VenueCountry":"","_VenueProvince":"","_VenueState":"","_VenueZip":"","_VenuePhone":"","_VenueURL":"","_VenueStateProvince":"","_VenueLat":"","_VenueLng":"","_VenueShowMap":false,"_VenueShowMapLink":false,"footnotes":""},"class_list":["post-1245","page","type-page","status-publish","infinite-scroll-item"],"_links":{"self":[{"href":"https:\/\/alcesuvoz.wichita.edu\/es\/wp-json\/wp\/v2\/pages\/1245","targetHints":{"allow":["GET"]}}],"collection":[{"href":"https:\/\/alcesuvoz.wichita.edu\/es\/wp-json\/wp\/v2\/pages"}],"about":[{"href":"https:\/\/alcesuvoz.wichita.edu\/es\/wp-json\/wp\/v2\/types\/page"}],"author":[{"embeddable":true,"href":"https:\/\/alcesuvoz.wichita.edu\/es\/wp-json\/wp\/v2\/users\/6"}],"replies":[{"embeddable":true,"href":"https:\/\/alcesuvoz.wichita.edu\/es\/wp-json\/wp\/v2\/comments?post=1245"}],"version-history":[{"count":2,"href":"https:\/\/alcesuvoz.wichita.edu\/es\/wp-json\/wp\/v2\/pages\/1245\/revisions"}],"predecessor-version":[{"id":1262,"href":"https:\/\/alcesuvoz.wichita.edu\/es\/wp-json\/wp\/v2\/pages\/1245\/revisions\/1262"}],"up":[{"embeddable":true,"href":"https:\/\/alcesuvoz.wichita.edu\/es\/wp-json\/wp\/v2\/pages\/293"}],"wp:attachment":[{"href":"https:\/\/alcesuvoz.wichita.edu\/es\/wp-json\/wp\/v2\/media?parent=1245"}],"curies":[{"name":"wp","href":"https:\/\/api.w.org\/{rel}","templated":true}]}}