{"id":1020,"date":"2024-08-22T20:08:43","date_gmt":"2024-08-23T01:08:43","guid":{"rendered":"https:\/\/alcesuvoz.wichita.edu\/?page_id=1020"},"modified":"2024-09-08T15:25:24","modified_gmt":"2024-09-08T20:25:24","slug":"alec","status":"publish","type":"page","link":"https:\/\/alcesuvoz.wichita.edu\/es\/team\/alec\/","title":{"rendered":"Alec Schon"},"content":{"rendered":"<div class=\"wp-block-media-text is-stacked-on-mobile\" style=\"grid-template-columns:45% auto\"><figure class=\"wp-block-media-text__media\"><img loading=\"lazy\" decoding=\"async\" width=\"768\" height=\"1024\" src=\"https:\/\/alcesuvoz.wichita.edu\/wp-content\/uploads\/2024\/09\/alec-schon1-768x1024.jpg\" alt=\"\" class=\"wp-image-1155 size-full\" srcset=\"https:\/\/alcesuvoz.wichita.edu\/wp-content\/uploads\/2024\/09\/alec-schon1-768x1024.jpg 768w, https:\/\/alcesuvoz.wichita.edu\/wp-content\/uploads\/2024\/09\/alec-schon1-225x300.jpg 225w, https:\/\/alcesuvoz.wichita.edu\/wp-content\/uploads\/2024\/09\/alec-schon1-9x12.jpg 9w, https:\/\/alcesuvoz.wichita.edu\/wp-content\/uploads\/2024\/09\/alec-schon1.jpg 810w\" sizes=\"auto, (max-width: 768px) 100vw, 768px\" \/><\/figure><div class=\"wp-block-media-text__content\">\n<h1 class=\"wp-block-heading has-x-large-font-size\" style=\"font-style:normal;font-weight:500\">Alec Schon<\/h1>\n\n\n\n<h6 class=\"wp-block-heading has-medium-font-size\" style=\"font-style:normal;font-weight:700\">Asistente de investigaci\u00f3n de pregrado<\/h6>\n\n\n\n<h6 class=\"wp-block-heading has-medium-font-size\" style=\"font-style:normal;font-weight:500\">Administrador del sitio web de Alce su Voz<\/h6>\n\n\n\n<div style=\"height:30px\" aria-hidden=\"true\" class=\"wp-block-spacer\"><\/div>\n\n\n\n<ul class=\"wp-block-social-links has-normal-icon-size has-visible-labels is-vertical is-nowrap is-layout-flex wp-container-core-social-links-is-layout-947ac36b wp-block-social-links-is-layout-flex\"><li class=\"wp-social-link wp-social-link-github  wp-block-social-link\"><a rel=\"noopener nofollow\" target=\"_blank\" href=\"https:\/\/github.com\/vontee\" class=\"wp-block-social-link-anchor\"><svg width=\"24\" height=\"24\" viewbox=\"0 0 24 24\" version=\"1.1\" xmlns=\"http:\/\/www.w3.org\/2000\/svg\" aria-hidden=\"true\" focusable=\"false\"><path d=\"M12,2C6.477,2,2,6.477,2,12c0,4.419,2.865,8.166,6.839,9.489c0.5,0.09,0.682-0.218,0.682-0.484 c0-0.236-0.009-0.866-0.014-1.699c-2.782,0.602-3.369-1.34-3.369-1.34c-0.455-1.157-1.11-1.465-1.11-1.465 c-0.909-0.62,0.069-0.608,0.069-0.608c1.004,0.071,1.532,1.03,1.532,1.03c0.891,1.529,2.341,1.089,2.91,0.833 c0.091-0.647,0.349-1.086,0.635-1.337c-2.22-0.251-4.555-1.111-4.555-4.943c0-1.091,0.39-1.984,1.03-2.682 C6.546,8.54,6.202,7.524,6.746,6.148c0,0,0.84-0.269,2.75,1.025C10.295,6.95,11.15,6.84,12,6.836 c0.85,0.004,1.705,0.114,2.504,0.336c1.909-1.294,2.748-1.025,2.748-1.025c0.546,1.376,0.202,2.394,0.1,2.646 c0.64,0.699,1.026,1.591,1.026,2.682c0,3.841-2.337,4.687-4.565,4.935c0.359,0.307,0.679,0.917,0.679,1.852 c0,1.335-0.012,2.415-0.012,2.741c0,0.269,0.18,0.579,0.688,0.481C19.138,20.161,22,16.416,22,12C22,6.477,17.523,2,12,2z\"><\/path><\/svg><span class=\"wp-block-social-link-label\">GitHub<\/span><\/a><\/li>\n\n<li class=\"wp-social-link wp-social-link-linkedin  wp-block-social-link\"><a rel=\"noopener nofollow\" target=\"_blank\" href=\"https:\/\/www.linkedin.com\/in\/alec-schon\" class=\"wp-block-social-link-anchor\"><svg width=\"24\" height=\"24\" viewbox=\"0 0 24 24\" version=\"1.1\" xmlns=\"http:\/\/www.w3.org\/2000\/svg\" aria-hidden=\"true\" focusable=\"false\"><path d=\"M19.7,3H4.3C3.582,3,3,3.582,3,4.3v15.4C3,20.418,3.582,21,4.3,21h15.4c0.718,0,1.3-0.582,1.3-1.3V4.3 C21,3.582,20.418,3,19.7,3z M8.339,18.338H5.667v-8.59h2.672V18.338z M7.004,8.574c-0.857,0-1.549-0.694-1.549-1.548 c0-0.855,0.691-1.548,1.549-1.548c0.854,0,1.547,0.694,1.547,1.548C8.551,7.881,7.858,8.574,7.004,8.574z M18.339,18.338h-2.669 v-4.177c0-0.996-0.017-2.278-1.387-2.278c-1.389,0-1.601,1.086-1.601,2.206v4.249h-2.667v-8.59h2.559v1.174h0.037 c0.356-0.675,1.227-1.387,2.526-1.387c2.703,0,3.203,1.779,3.203,4.092V18.338z\"><\/path><\/svg><span class=\"wp-block-social-link-label\">LinkedIn<\/span><\/a><\/li><\/ul>\n<\/div><\/div>\n\n\n\n<div style=\"height:20px\" aria-hidden=\"true\" class=\"wp-block-spacer\"><\/div>\n\n\n<div class=\"gb-container gb-container-2f625f43\">\n\n<p class=\"has-medium-font-size translation-block\"><strong>Alec Schon<\/strong> es un estudiante de pregrado especializ\u00e1ndose en Ling\u00fc\u00edstica Computacional en <i>Wichita State University<\/i>. Las actividades acad\u00e9micas de Alec se centran en la intersecci\u00f3n del acceso ling\u00fc\u00edstico y la tecnolog\u00eda, en particular en el uso de tecnolog\u00edas inform\u00e1ticas para apoyar el acceso a las lenguas minoritarias. Ha trabajado en m\u00faltiples proyectos de desarrollo de webs y ha recibido dos premios por su trabajo en el servicio.<\/p>\n\n\n\n<blockquote class=\"wp-block-quote is-style-default has-medium-font-size is-layout-flow wp-block-quote-is-layout-flow\">\n<p class=\"has-medium-font-size\">Creo que la alfabetizaci\u00f3n inform\u00e1tica es esencial para la accesibilidad del lenguaje moderno. Mi objetivo en la vida es hacer que los recursos digitales est\u00e9n disponibles para los hablantes de idiomas subrepresentados. Si queremos proteger la accesibilidad ling\u00fc\u00edstica en el futuro, los proyectos de revitalizaci\u00f3n ling\u00fc\u00edstica deben centrarse en el acceso inclusivo a las plataformas en l\u00ednea y a los recursos electr\u00f3nicos que apoyen estas lenguas en la era digital<\/p>\n<\/blockquote>\n\n\n\n<p class=\"has-medium-font-size\">Fuera de su trabajo acad\u00e9mico, Alec es un apasionado del urbanismo, la sostenibilidad ambiental y el acceso libre a la informaci\u00f3n. En su tiempo libre, le gusta cocinar, acampar, la vida nocturna urbana, aprender nuevos instrumentos y hacer su propia ropa.<\/p>\n\n\n\n<hr class=\"wp-block-separator has-alpha-channel-opacity\"\/>\n\n<\/div>","protected":false},"excerpt":{"rendered":"<p>Alec Schon is an undergraduate student majoring in Computational Linguistics at Wichita State University. Alec\u2019s academic pursuits focus on the intersection of language access and &#8230; <a title=\"Alec Schon\" class=\"read-more\" href=\"https:\/\/alcesuvoz.wichita.edu\/es\/team\/alec\/\" aria-label=\"Leer m\u00e1s sobre Alec Schon\">Read more<\/a><\/p>","protected":false},"author":6,"featured_media":0,"parent":293,"menu_order":0,"comment_status":"closed","ping_status":"closed","template":"","meta":{"_EventAllDay":false,"_EventTimezone":"","_EventStartDate":"","_EventEndDate":"","_EventStartDateUTC":"","_EventEndDateUTC":"","_EventShowMap":false,"_EventShowMapLink":false,"_EventURL":"","_EventCost":"","_EventCostDescription":"","_EventCurrencySymbol":"","_EventCurrencyCode":"","_EventCurrencyPosition":"","_EventDateTimeSeparator":"","_EventTimeRangeSeparator":"","_EventOrganizerID":[],"_EventVenueID":[],"_OrganizerEmail":"","_OrganizerPhone":"","_OrganizerWebsite":"","_VenueAddress":"","_VenueCity":"","_VenueCountry":"","_VenueProvince":"","_VenueState":"","_VenueZip":"","_VenuePhone":"","_VenueURL":"","_VenueStateProvince":"","_VenueLat":"","_VenueLng":"","_VenueShowMap":false,"_VenueShowMapLink":false,"footnotes":""},"class_list":["post-1020","page","type-page","status-publish","infinite-scroll-item"],"_links":{"self":[{"href":"https:\/\/alcesuvoz.wichita.edu\/es\/wp-json\/wp\/v2\/pages\/1020","targetHints":{"allow":["GET"]}}],"collection":[{"href":"https:\/\/alcesuvoz.wichita.edu\/es\/wp-json\/wp\/v2\/pages"}],"about":[{"href":"https:\/\/alcesuvoz.wichita.edu\/es\/wp-json\/wp\/v2\/types\/page"}],"author":[{"embeddable":true,"href":"https:\/\/alcesuvoz.wichita.edu\/es\/wp-json\/wp\/v2\/users\/6"}],"replies":[{"embeddable":true,"href":"https:\/\/alcesuvoz.wichita.edu\/es\/wp-json\/wp\/v2\/comments?post=1020"}],"version-history":[{"count":7,"href":"https:\/\/alcesuvoz.wichita.edu\/es\/wp-json\/wp\/v2\/pages\/1020\/revisions"}],"predecessor-version":[{"id":1158,"href":"https:\/\/alcesuvoz.wichita.edu\/es\/wp-json\/wp\/v2\/pages\/1020\/revisions\/1158"}],"up":[{"embeddable":true,"href":"https:\/\/alcesuvoz.wichita.edu\/es\/wp-json\/wp\/v2\/pages\/293"}],"wp:attachment":[{"href":"https:\/\/alcesuvoz.wichita.edu\/es\/wp-json\/wp\/v2\/media?parent=1020"}],"curies":[{"name":"wp","href":"https:\/\/api.w.org\/{rel}","templated":true}]}}